{"id":2990,"date":"2026-04-07T11:13:41","date_gmt":"2026-04-07T09:13:41","guid":{"rendered":"https:\/\/isa-nage.com\/index.php\/contact\/"},"modified":"2026-04-07T11:13:46","modified_gmt":"2026-04-07T09:13:46","slug":"contact","status":"publish","type":"page","link":"https:\/\/isa-nage.com\/index.php\/contact\/","title":{"rendered":"Contact"},"content":{"rendered":"<div class=\"\" style=\"\" >\n  \n    <section class=\"u-clearfix u-palette-1-light-2 u-section-1\" id=\"block-1\">\n      <div class=\"u-clearfix u-image u-sheet u-valign-middle-lg u-valign-middle-md u-valign-middle-xl u-valign-middle-xs u-image-1\" style=\"background-image: url(&quot;https:\/\/isa-nage.com\/wp-content\/uploads\/2026\/04\/1984-07BlagnacIsaBrassepetite1.jpg&quot;);\">\n        <div class=\"data-layout-selected u-clearfix u-expanded-width u-layout-wrap u-layout-wrap-1\">\n          <div class=\"u-layout\">\n            <div class=\"u-layout-row\">\n              <div class=\"u-container-style u-layout-cell u-size-30 u-layout-cell-1\">\n                <div class=\"u-container-layout u-container-layout-1\">\n                  <h4 class=\"u-align-center u-text u-text-white u-text-1\">Appelez moi pour pendre rendez-vous<\/h4>\n                  <a href=\"\" class=\"u-active-none u-btn u-btn-rectangle u-button-style u-hover-none u-none u-text-active-color-var u-text-color-var u-btn-1\"><span class=\"u-icon\"><svg class=\"u-svg-content\" viewBox=\"0 0 405.333 405.333\" x=\"0px\" y=\"0px\" style=\"width: 1em; height: 1em;\"><path d=\"M373.333,266.88c-25.003,0-49.493-3.904-72.704-11.563c-11.328-3.904-24.192-0.896-31.637,6.699l-46.016,34.752    c-52.8-28.181-86.592-61.952-114.389-114.368l33.813-44.928c8.512-8.512,11.563-20.971,7.915-32.64    C142.592,81.472,138.667,56.96,138.667,32c0-17.643-14.357-32-32-32H32C14.357,0,0,14.357,0,32    c0,205.845,167.488,373.333,373.333,373.333c17.643,0,32-14.357,32-32V298.88C405.333,281.237,390.976,266.88,373.333,266.88z\"><\/path><\/svg><\/span>&nbsp;06 62 29 74 48&nbsp;\n                  <\/a>\n                  <h4 class=\"u-align-center u-text u-text-white u-text-2\">Isa-nage.com&nbsp;<br>Isabelle<br>6, la Mulonni\u00e8re&nbsp;<br>44680 Saint Hilaire de Chal\u00e9ons\n                  <\/h4>\n                  <div class=\"u-social-icons u-social-icons-1\">\n                    <a class=\"u-social-url\" title=\"facebook\" target=\"_blank\" href=\"https:\/\/facebook.com\/isacoachnage\"><span class=\"u-icon u-social-facebook u-social-icon u-icon-2\"><svg class=\"u-svg-link\" preserveAspectRatio=\"xMidYMin slice\" viewBox=\"0 0 112 112\" style=\"\"><use xlink:href=\"#svg-36c4\"><\/use><\/svg><svg class=\"u-svg-content\" viewBox=\"0 0 112 112\" x=\"0\" y=\"0\" id=\"svg-36c4\"><circle fill=\"currentColor\" cx=\"56.1\" cy=\"56.1\" r=\"55\"><\/circle><path fill=\"#FFFFFF\" d=\"M73.5,31.6h-9.1c-1.4,0-3.6,0.8-3.6,3.9v8.5h12.6L72,58.3H60.8v40.8H43.9V58.3h-8V43.9h8v-9.2\n      c0-6.7,3.1-17,17-17h12.5v13.9H73.5z\"><\/path><\/svg><\/span>\n                    <\/a>\n                    <a class=\"u-social-url\" title=\"instagram\" target=\"_blank\" href=\"https:\/\/www.instagram.com\/isa_nage44680\"><span class=\"u-icon u-social-icon u-social-instagram u-icon-3\"><svg class=\"u-svg-link\" preserveAspectRatio=\"xMidYMin slice\" viewBox=\"0 0 112 112\" style=\"\"><use xlink:href=\"#svg-4e70\"><\/use><\/svg><svg class=\"u-svg-content\" viewBox=\"0 0 112 112\" x=\"0\" y=\"0\" id=\"svg-4e70\"><circle fill=\"currentColor\" cx=\"56.1\" cy=\"56.1\" r=\"55\"><\/circle><path fill=\"#FFFFFF\" d=\"M55.9,38.2c-9.9,0-17.9,8-17.9,17.9C38,66,46,74,55.9,74c9.9,0,17.9-8,17.9-17.9C73.8,46.2,65.8,38.2,55.9,38.2\n      z M55.9,66.4c-5.7,0-10.3-4.6-10.3-10.3c-0.1-5.7,4.6-10.3,10.3-10.3c5.7,0,10.3,4.6,10.3,10.3C66.2,61.8,61.6,66.4,55.9,66.4z\"><\/path><path fill=\"#FFFFFF\" d=\"M74.3,33.5c-2.3,0-4.2,1.9-4.2,4.2s1.9,4.2,4.2,4.2s4.2-1.9,4.2-4.2S76.6,33.5,74.3,33.5z\"><\/path><path fill=\"#FFFFFF\" d=\"M73.1,21.3H38.6c-9.7,0-17.5,7.9-17.5,17.5v34.5c0,9.7,7.9,17.6,17.5,17.6h34.5c9.7,0,17.5-7.9,17.5-17.5V38.8\n      C90.6,29.1,82.7,21.3,73.1,21.3z M83,73.3c0,5.5-4.5,9.9-9.9,9.9H38.6c-5.5,0-9.9-4.5-9.9-9.9V38.8c0-5.5,4.5-9.9,9.9-9.9h34.5\n      c5.5,0,9.9,4.5,9.9,9.9V73.3z\"><\/path><\/svg><\/span>\n                    <\/a>\n                  <\/div>\n                <\/div>\n              <\/div>\n              <div class=\"u-container-style u-layout-cell u-size-30 u-layout-cell-2\">\n                <div class=\"u-container-layout u-valign-top u-container-layout-2\">\n                  <div class=\"custom-expanded u-form u-form-1\">\n                            <script>\n            function onSuccess(event) {\n                if (typeof window.serviceRequest !== 'undefined') {\n                    window.serviceRequest(jQuery(this).find('form'));\n                }\n                var msgContainer = jQuery(event.currentTarget).find('.wpcf7-response-output');\n                msgContainer.removeClass('u-form-send-error').addClass('u-form-send-message u-form-send-success');\n                msgContainer.show();\n                var redirectAddress = jQuery(event.currentTarget).find('[redirect-address]').attr('redirect-address');\n                if (redirectAddress) {\n                    setTimeout(function () {\n                        location.replace(redirectAddress);\n                    }, 2000);\n                }\n            }\n            function onError(event) {\n                var msgContainer = jQuery(event.currentTarget).find('.wpcf7-response-output');\n                msgContainer.removeClass('u-form-send-success').addClass('u-form-send-message u-form-send-error');\n                msgContainer.show();\n            }\n\n            jQuery('body')\n                .on('wpcf7mailsent',   '.u-form .wpcf7', onSuccess)\n                .on('wpcf7invalid',    '.u-form .wpcf7', onError)\n                .on('wpcf7:unaccepted', '.u-form .wpcf7', onError)\n                .on('wpcf7spam',       '.u-form .wpcf7', onError)\n                .on('wpcf7:aborted',    '.u-form .wpcf7', onError)\n                .on('wpcf7mailfailed', '.u-form .wpcf7', onError);\n        <\/script>\n        <style>\n            .u-form .wpcf7-response-output {\n                \/*position: relative !important;*\/\n                margin: 0 !important;\n                bottom: -70px!important;\n            }\n            .u-form .wpcf7 .ajax-loader {\n                margin-left: -24px;\n                margin-right: 0;\n            }\n        <\/style>\n\n<div class=\"wpcf7 no-js\" id=\"wpcf7-f3010-o1\" lang=\"fr-FR\" dir=\"ltr\" data-wpcf7-id=\"3010\">\n<div class=\"screen-reader-response\"><p role=\"status\" aria-live=\"polite\" aria-atomic=\"true\"><\/p> <ul><\/ul><\/div>\n<form style=\"padding: 10px;\" action=\"\/index.php\/wp-json\/wp\/v2\/pages\/2990#wpcf7-f3010-o1\" method=\"post\" class=\"wpcf7-form init u-clearfix u-form-spacing-10 u-form-vertical u-inner-form u-form-custom-backend\" aria-label=\"Formulaire de contact\" novalidate=\"novalidate\" data-status=\"init\">\n<fieldset class=\"hidden-fields-container\"><input type=\"hidden\" name=\"_wpcf7\" value=\"3010\" \/><input type=\"hidden\" name=\"_wpcf7_version\" value=\"6.1.5\" \/><input type=\"hidden\" name=\"_wpcf7_locale\" value=\"fr_FR\" \/><input type=\"hidden\" name=\"_wpcf7_unit_tag\" value=\"wpcf7-f3010-o1\" \/><input type=\"hidden\" name=\"_wpcf7_container_post\" value=\"0\" \/><input type=\"hidden\" name=\"_wpcf7_posted_data_hash\" value=\"\" \/><input type=\"hidden\" name=\"_wpcf7_recaptcha_response\" value=\"\" \/>\n<\/fieldset>\n\n                      <div class=\"u-form-group wpcf7-form-control-wrap u-form-name\">\n                        <label for=\"name-f5dc\" class=\"u-label u-text-white\">Nom<\/label>\n                        <input type=\"text\" placeholder=\"Saisir votre nom\" id=\"name-f5dc\" name=\"name1\" class=\"u-input wpcf7-form-control u-input-rectangle\" required=\"\">\n                      <\/div>\n                      <div class=\"u-form-email u-form-group wpcf7-form-control-wrap\">\n                        <label for=\"email-f5dc\" class=\"u-label u-text-white\">Courriel<\/label>\n                        <input type=\"email\" placeholder=\"Saisir une adresse mail valide\" id=\"email-f5dc\" name=\"email\" class=\"u-input wpcf7-form-control u-input-rectangle\" required=\"\">\n                      <\/div>\n                      <div class=\"u-form-group wpcf7-form-control-wrap u-form-message\">\n                        <label for=\"message-f5dc\" class=\"u-label u-text-white\">Message<\/label>\n                        <textarea placeholder=\"Saisir votre message\" rows=\"4\" cols=\"50\" id=\"message-f5dc\" name=\"message\" class=\"u-input wpcf7-form-control u-input-rectangle\" required=\"\"><\/textarea>\n                      <\/div>\n                      <div class=\"u-align-left u-form-group wpcf7-form-control-wrap u-form-submit wpcf7-form-control\">\n                        <a href=\"#\" class=\"u-btn u-btn-submit wpcf7-submit u-button-style\">Soumettre<\/a>\n                        <input type=\"submit\" value=\"submit\" class=\"u-form-control-hidden\">\n                      <\/div>\n                      <div class=\"u-form-send-message u-form-send-success\"> Merci ! Votre message a \u00e9t\u00e9 envoy\u00e9. <\/div>\n                      <div class=\"u-form-send-error u-form-send-message\"> Impossible d'envoyer votre message. Merci de corriger les erreurs et r\u00e9essayer. <\/div>\n                      <input type=\"hidden\" value=\"\" name=\"recaptchaResponse\">\n                      <input type=\"hidden\" name=\"formServices\" value=\"af2d6a14-e239-2968-995b-05bb184109f1;118b98cc-035b-98ba-38ca-92a3c6b05841\">\n                      <input type=\"hidden\" name=\"siteKey\" value=\"6Leczy0aAAAAABkYPjBi77-j05X_pNKrW-DxLzJl\">\n                    <input type=\"hidden\" name=\"_contact7_backend\" value=\"1\"><div class=\"wpcf7-response-output\" aria-hidden=\"true\"><\/div>\n<\/form>\n<\/div>\n\n                  <\/div>\n                <\/div>\n              <\/div>\n            <\/div>\n          <\/div>\n        <\/div>\n      <\/div>\n    <\/section>\n    \n    \n    \n    \n  \n<\/div>","protected":false},"excerpt":{"rendered":"<p>Appelez moi pour pendre rendez-vous &nbsp;06 62 29 74 48&nbsp; Isa-nage.com&nbsp;Isabelle6, la Mulonni\u00e8re&nbsp;44680 Saint Hilaire de Chal\u00e9ons Nom Courriel Message Soumettre Merci ! Votre message a \u00e9t\u00e9 envoy\u00e9. Impossible d&rsquo;envoyer votre message. Merci de corriger les erreurs et r\u00e9essayer.<\/p>\n","protected":false},"author":1,"featured_media":0,"parent":0,"menu_order":11,"comment_status":"closed","ping_status":"closed","template":"","meta":{"footnotes":""},"class_list":["post-2990","page","type-page","status-publish","hentry"],"_links":{"self":[{"href":"https:\/\/isa-nage.com\/index.php\/wp-json\/wp\/v2\/pages\/2990","targetHints":{"allow":["GET"]}}],"collection":[{"href":"https:\/\/isa-nage.com\/index.php\/wp-json\/wp\/v2\/pages"}],"about":[{"href":"https:\/\/isa-nage.com\/index.php\/wp-json\/wp\/v2\/types\/page"}],"author":[{"embeddable":true,"href":"https:\/\/isa-nage.com\/index.php\/wp-json\/wp\/v2\/users\/1"}],"replies":[{"embeddable":true,"href":"https:\/\/isa-nage.com\/index.php\/wp-json\/wp\/v2\/comments?post=2990"}],"version-history":[{"count":1,"href":"https:\/\/isa-nage.com\/index.php\/wp-json\/wp\/v2\/pages\/2990\/revisions"}],"predecessor-version":[{"id":3009,"href":"https:\/\/isa-nage.com\/index.php\/wp-json\/wp\/v2\/pages\/2990\/revisions\/3009"}],"wp:attachment":[{"href":"https:\/\/isa-nage.com\/index.php\/wp-json\/wp\/v2\/media?parent=2990"}],"curies":[{"name":"wp","href":"https:\/\/api.w.org\/{rel}","templated":true}]}}