{"id":2989,"date":"2026-04-07T11:13:40","date_gmt":"2026-04-07T09:13:40","guid":{"rendered":"https:\/\/isa-nage.com\/index.php\/apprendre\/"},"modified":"2026-04-07T11:13:46","modified_gmt":"2026-04-07T09:13:46","slug":"apprendre","status":"publish","type":"page","link":"https:\/\/isa-nage.com\/index.php\/apprendre\/","title":{"rendered":"Apprendre"},"content":{"rendered":"<div class=\"\" style=\"\" >\n  \n    <section class=\"u-clearfix u-container-align-center u-palette-1-light-2 u-section-1\" id=\"sec-a827\">\n      <div class=\"u-clearfix u-sheet u-valign-middle u-sheet-1\">\n        <h4 class=\"u-align-center u-text u-text-1\"> Apprentissage<\/h4>\n      <\/div>\n    <\/section>\n    <section class=\"u-clearfix u-palette-1-light-2 u-section-2\" id=\"sec-3175\">\n      <div class=\"u-clearfix u-sheet u-valign-middle-md u-valign-middle-sm u-valign-middle-xl u-valign-middle-xs u-sheet-1\">\n        <h4 class=\"u-align-center u-text u-text-1\"> Cours: 40 minutes maximum. Individuel ou \u00e0 deux<br>\n        <\/h4>\n        <div class=\"data-layout-selected u-align-center u-clearfix u-expanded-width-lg u-expanded-width-md u-expanded-width-sm u-expanded-width-xs u-gutter-8 u-layout-wrap u-layout-wrap-1\">\n          <div class=\"u-gutter-0 u-layout\">\n            <div class=\"u-layout-col\">\n              <div class=\"u-size-30\">\n                <div class=\"u-layout-row\">\n                  <div class=\"u-align-left u-container-align-left u-container-style u-layout-cell u-palette-1-light-2 u-size-30 u-layout-cell-1\">\n                    <div class=\"u-container-layout u-container-layout-1\">\n                      <p class=\"u-align-left u-text u-text-body-color u-text-2\"> Il n' y a pas d'\u00e2ge pour apprendre \u00e0 nager.&nbsp;<br>\n                        <br>Pour avoir une bonne compr\u00e9hension des consignes, l'\u00e2ge id\u00e9al est entre 5 &amp; 6 ans.<br>\n                        <br>Avec du mat\u00e9riel ad\u00e9quat, nous \u00e9voluerons ensemble pour, en finalit\u00e9, faire des longueurs de bassin avec la bonne respiration et les bons mouvements&nbsp;&nbsp;\n                      <\/p>\n                    <\/div>\n                  <\/div>\n                  <div class=\"u-align-right u-container-align-right u-container-style u-image u-layout-cell u-shape-rectangle u-size-30 u-image-1\" data-image-width=\"449\" data-image-height=\"391\" style=\"background-image: url(&quot;https:\/\/isa-nage.com\/wp-content\/uploads\/2026\/04\/Morgan2.jpg&quot;);\">\n                    <div class=\"u-container-layout u-container-layout-2\"><\/div>\n                  <\/div>\n                <\/div>\n              <\/div>\n              <div class=\"u-size-30\">\n                <div class=\"u-layout-row\">\n                  <div class=\"u-container-style u-image u-layout-cell u-shape-rectangle u-size-30 u-image-2\" data-image-width=\"1200\" data-image-height=\"1001\" style=\"background-image: url(&quot;https:\/\/isa-nage.com\/wp-content\/uploads\/2026\/04\/apprentissage21.jpg&quot;);\">\n                    <div class=\"u-container-layout u-valign-top u-container-layout-3\">\n                      <img decoding=\"async\" class=\"u-image u-image-default u-image-3\" src=\"https:\/\/isa-nage.com\/wp-content\/uploads\/2026\/04\/apprentissage2.jpg\" alt=\"\" data-image-width=\"1200\" data-image-height=\"1600\">\n                    <\/div>\n                  <\/div>\n                  <div class=\"u-container-align-center u-container-style u-image u-layout-cell u-shape-rectangle u-size-30 u-image-4\" data-image-width=\"1600\" data-image-height=\"1067\" style=\"background-image: url(&quot;https:\/\/isa-nage.com\/wp-content\/uploads\/2026\/04\/Appentissage1.jpg&quot;);\">\n                    <div class=\"u-container-layout u-container-layout-4\"><\/div>\n                  <\/div>\n                <\/div>\n              <\/div>\n            <\/div>\n          <\/div>\n        <\/div>\n      <\/div>\n    <\/section>\n    \n    \n    \n    \n  \n<\/div>","protected":false},"excerpt":{"rendered":"<p>Apprentissage Cours: 40 minutes maximum. Individuel ou \u00e0 deux Il n&rsquo; y a pas d&rsquo;\u00e2ge pour apprendre \u00e0 nager.&nbsp; Pour avoir une bonne compr\u00e9hension des consignes, l&rsquo;\u00e2ge id\u00e9al est entre 5 &amp; 6 ans. Avec du mat\u00e9riel ad\u00e9quat, nous \u00e9voluerons ensemble pour, en finalit\u00e9, faire des longueurs de bassin avec la bonne respiration et les [&hellip;]<\/p>\n","protected":false},"author":1,"featured_media":0,"parent":0,"menu_order":10,"comment_status":"closed","ping_status":"closed","template":"","meta":{"footnotes":""},"class_list":["post-2989","page","type-page","status-publish","hentry"],"_links":{"self":[{"href":"https:\/\/isa-nage.com\/index.php\/wp-json\/wp\/v2\/pages\/2989","targetHints":{"allow":["GET"]}}],"collection":[{"href":"https:\/\/isa-nage.com\/index.php\/wp-json\/wp\/v2\/pages"}],"about":[{"href":"https:\/\/isa-nage.com\/index.php\/wp-json\/wp\/v2\/types\/page"}],"author":[{"embeddable":true,"href":"https:\/\/isa-nage.com\/index.php\/wp-json\/wp\/v2\/users\/1"}],"replies":[{"embeddable":true,"href":"https:\/\/isa-nage.com\/index.php\/wp-json\/wp\/v2\/comments?post=2989"}],"version-history":[{"count":1,"href":"https:\/\/isa-nage.com\/index.php\/wp-json\/wp\/v2\/pages\/2989\/revisions"}],"predecessor-version":[{"id":3008,"href":"https:\/\/isa-nage.com\/index.php\/wp-json\/wp\/v2\/pages\/2989\/revisions\/3008"}],"wp:attachment":[{"href":"https:\/\/isa-nage.com\/index.php\/wp-json\/wp\/v2\/media?parent=2989"}],"curies":[{"name":"wp","href":"https:\/\/api.w.org\/{rel}","templated":true}]}}