{"id":2987,"date":"2026-04-07T11:13:38","date_gmt":"2026-04-07T09:13:38","guid":{"rendered":"https:\/\/isa-nage.com\/index.php\/isabelle\/"},"modified":"2026-04-07T11:13:45","modified_gmt":"2026-04-07T09:13:45","slug":"isabelle","status":"publish","type":"page","link":"https:\/\/isa-nage.com\/index.php\/isabelle\/","title":{"rendered":"Isabelle"},"content":{"rendered":"<div class=\"\" style=\"\" >\n  \n    <section class=\"u-clearfix u-container-align-center u-palette-1-light-2 u-section-1\" id=\"sec-a827\">\n      <div class=\"u-clearfix u-sheet u-valign-middle-lg u-valign-middle-md u-valign-middle-sm u-valign-middle-xl u-sheet-1\">\n        <h4 class=\"u-align-center u-text u-text-1\"> Isabelle<\/h4>\n      <\/div>\n    <\/section>\n    <section class=\"u-clearfix u-palette-1-light-2 u-valign-middle u-section-2\" id=\"sec-3175\">\n      <h4 class=\"u-align-center u-text u-text-1\"> L'eau :&nbsp;<br>Comme dirait Ob\u00e9lix \" je suis tomb\u00e9e dedans quand j'\u00e9tais petite\"&nbsp;&nbsp;Heureusement, pas par accident.<br>\n      <\/h4>\n      <div class=\"data-layout-selected u-clearfix u-gutter-0 u-layout-wrap u-layout-wrap-1\">\n        <div class=\"u-gutter-0 u-layout\">\n          <div class=\"u-layout-col\">\n            <div class=\"u-size-40\">\n              <div class=\"u-layout-row\">\n                <div class=\"u-size-33\">\n                  <div class=\"u-layout-col\">\n                    <div class=\"u-container-style u-layout-cell u-shape-rectangle u-size-60 u-layout-cell-1\">\n                      <div class=\"u-container-layout u-valign-top-lg u-valign-top-md u-valign-top-sm u-valign-top-xs u-container-layout-1\">\n                        <p class=\"u-align-left u-text u-text-body-color u-text-2\"> Mise dans l\u2019eau \u00e0 l\u2019\u00e2ge de six mois&nbsp;par mon p\u00e8re, alors ma\u00eetre nageur, je ne l\u2019ai plus quitt\u00e9. L\u2019eau, pas mon p\u00e8re. Quoique\u2026&nbsp;<br>C\u2019est en effet lui qui m\u2019a entra\u00een\u00e9e.&nbsp; &nbsp;&nbsp;<br>Sp\u00e9cialis\u00e9e dans les courses de \u00ab&nbsp;4 nages&nbsp;\u00bb (papillon, dos, brasse et crawl), j\u2019ai d\u00e9croch\u00e9 de nombreux titres nationaux ainsi que des records, qui parfois, tiennent encore.&nbsp;<br>Cadette de l\u2019\u00e9quipe de France A, alors que je n\u2019avais que 15 ans,&nbsp;<br>j\u2019ai pu repr\u00e9senter notre pays lors de comp\u00e9titions internationales.&nbsp;<br>Il s\u2019en est fallu de peu pour que je prenne part aux Jeux olympiques de Los Angeles en 1984.&nbsp;Quelques centi\u00e8mes manquant sur 400 m\u00e8tres 4 nages ne me l\u2019auront pas permis.&nbsp;<br>Assez naturellement, je me suis tourn\u00e9e vers les m\u00e9tiers que propose le monde aquatique.&nbsp;<br>Une fois titulaire du BEESAN \u2013&nbsp;Brevet d\u2019\u00e9tat&nbsp;d\u2019\u00e9ducateur sportif aux activit\u00e9s de la natation -, j\u2019ai partag\u00e9 ma passion et mon exp\u00e9rience aupr\u00e8s d\u2019enfants, de femmes et d\u2019hommes de tout \u00e2ge.&nbsp;<br>Cela fait maintenant plus de 35 ans que je baigne dans cet univers.&nbsp; &nbsp;&nbsp;<br>J\u2019ai \u00e0 c\u0153ur de communiquer mes savoir-faire que ce soit pour votre s\u00e9curit\u00e9, votre plaisir ou encore votre sant\u00e9.\n                        <\/p>\n                      <\/div>\n                    <\/div>\n                  <\/div>\n                <\/div>\n                <div class=\"u-size-27\">\n                  <div class=\"u-layout-col\">\n                    <div class=\"u-size-60\">\n                      <div class=\"u-layout-row\">\n                        <div class=\"u-container-style u-layout-cell u-size-30 u-layout-cell-2\">\n                          <div class=\"u-container-layout u-valign-middle-lg u-valign-middle-md u-valign-middle-xs u-valign-top-sm u-container-layout-2\">\n                            <img decoding=\"async\" class=\"u-expanded-width u-image u-image-1\" src=\"https:\/\/isa-nage.com\/wp-content\/uploads\/2026\/04\/20161028_212721.jpg\" data-image-width=\"354\" data-image-height=\"364\">\n                          <\/div>\n                        <\/div>\n                        <div class=\"u-align-right u-container-align-right u-container-align-right-lg u-container-align-right-md u-container-align-right-xl u-container-style u-layout-cell u-shape-rectangle u-size-30 u-layout-cell-3\">\n                          <div class=\"u-container-layout u-valign-middle-xl u-valign-top-lg u-valign-top-md u-valign-top-xs u-container-layout-3\">\n                            <img decoding=\"async\" class=\"custom-expanded u-image u-image-2\" src=\"https:\/\/isa-nage.com\/wp-content\/uploads\/2026\/04\/Isa1981.jpg\" data-image-width=\"442\" data-image-height=\"769\">\n                          <\/div>\n                        <\/div>\n                      <\/div>\n                    <\/div>\n                  <\/div>\n                <\/div>\n              <\/div>\n            <\/div>\n            <div class=\"u-size-20\">\n              <div class=\"u-layout-row\">\n                <div class=\"u-container-style u-layout-cell u-size-30 u-layout-cell-4\">\n                  <div class=\"u-container-layout u-container-layout-4\">\n                    <img decoding=\"async\" class=\"u-expanded-width-sm u-expanded-width-xs u-image u-image-default u-image-3\" src=\"https:\/\/isa-nage.com\/wp-content\/uploads\/2026\/04\/1984-07BlagnacIsaBrassepetite1.jpg\" alt=\"\" data-image-width=\"739\" data-image-height=\"472\">\n                  <\/div>\n                <\/div>\n                <div class=\"u-container-style u-layout-cell u-size-30 u-layout-cell-5\">\n                  <div class=\"u-container-layout u-valign-middle-lg u-valign-middle-md u-valign-middle-xs u-container-layout-5\">\n                    <img decoding=\"async\" class=\"u-expanded-width-sm u-expanded-width-xs u-image u-image-default u-image-4\" src=\"https:\/\/isa-nage.com\/wp-content\/uploads\/2026\/04\/IsabelleLefevre.jpg\" alt=\"\" data-image-width=\"1258\" data-image-height=\"787\">\n                  <\/div>\n                <\/div>\n              <\/div>\n            <\/div>\n          <\/div>\n        <\/div>\n      <\/div>\n    <\/section>\n    \n    \n    \n    \n  \n<\/div>","protected":false},"excerpt":{"rendered":"<p>Isabelle L&rsquo;eau :&nbsp;Comme dirait Ob\u00e9lix \u00a0\u00bb je suis tomb\u00e9e dedans quand j&rsquo;\u00e9tais petite\u00a0\u00bb&nbsp;&nbsp;Heureusement, pas par accident. Mise dans l\u2019eau \u00e0 l\u2019\u00e2ge de six mois&nbsp;par mon p\u00e8re, alors ma\u00eetre nageur, je ne l\u2019ai plus quitt\u00e9. L\u2019eau, pas mon p\u00e8re. Quoique\u2026&nbsp;C\u2019est en effet lui qui m\u2019a entra\u00een\u00e9e.&nbsp; &nbsp;&nbsp;Sp\u00e9cialis\u00e9e dans les courses de \u00ab&nbsp;4 nages&nbsp;\u00bb (papillon, dos, brasse [&hellip;]<\/p>\n","protected":false},"author":1,"featured_media":0,"parent":0,"menu_order":8,"comment_status":"closed","ping_status":"closed","template":"","meta":{"footnotes":""},"class_list":["post-2987","page","type-page","status-publish","hentry"],"_links":{"self":[{"href":"https:\/\/isa-nage.com\/index.php\/wp-json\/wp\/v2\/pages\/2987","targetHints":{"allow":["GET"]}}],"collection":[{"href":"https:\/\/isa-nage.com\/index.php\/wp-json\/wp\/v2\/pages"}],"about":[{"href":"https:\/\/isa-nage.com\/index.php\/wp-json\/wp\/v2\/types\/page"}],"author":[{"embeddable":true,"href":"https:\/\/isa-nage.com\/index.php\/wp-json\/wp\/v2\/users\/1"}],"replies":[{"embeddable":true,"href":"https:\/\/isa-nage.com\/index.php\/wp-json\/wp\/v2\/comments?post=2987"}],"version-history":[{"count":1,"href":"https:\/\/isa-nage.com\/index.php\/wp-json\/wp\/v2\/pages\/2987\/revisions"}],"predecessor-version":[{"id":3006,"href":"https:\/\/isa-nage.com\/index.php\/wp-json\/wp\/v2\/pages\/2987\/revisions\/3006"}],"wp:attachment":[{"href":"https:\/\/isa-nage.com\/index.php\/wp-json\/wp\/v2\/media?parent=2987"}],"curies":[{"name":"wp","href":"https:\/\/api.w.org\/{rel}","templated":true}]}}