{"id":2986,"date":"2026-04-07T11:13:37","date_gmt":"2026-04-07T09:13:37","guid":{"rendered":"https:\/\/isa-nage.com\/index.php\/decouverte\/"},"modified":"2026-04-07T11:13:45","modified_gmt":"2026-04-07T09:13:45","slug":"decouverte","status":"publish","type":"page","link":"https:\/\/isa-nage.com\/index.php\/decouverte\/","title":{"rendered":"Decouverte"},"content":{"rendered":"<div class=\"\" style=\"\" >\n  \n    <section class=\"u-clearfix u-container-align-center u-palette-1-light-2 u-section-1\" id=\"block-2\">\n      <div class=\"u-clearfix u-sheet u-valign-middle u-sheet-1\">\n        <h4 class=\"u-align-center u-text u-text-1\"> D\u00e9couverte : Eveil \u00e0 l'eau<\/h4>\n      <\/div>\n    <\/section>\n    <section class=\"u-clearfix u-palette-1-light-2 u-section-2\" id=\"sec-7250\">\n      <div class=\"u-clearfix u-sheet u-valign-middle-md u-valign-middle-sm u-valign-middle-xl u-valign-middle-xs u-valign-top-lg u-sheet-1\">\n        <div class=\"custom-expanded data-layout-selected u-clearfix u-gutter-0 u-layout-wrap u-layout-wrap-1\">\n          <div class=\"u-gutter-0 u-layout\">\n            <div class=\"u-layout-col\">\n              <div class=\"u-align-left u-container-align-left u-container-style u-layout-cell u-palette-1-light-2 u-shape-rectangle u-size-30 u-layout-cell-1\">\n                <div class=\"u-container-layout u-valign-top-lg u-valign-top-md u-valign-top-sm u-valign-top-xs u-container-layout-1\">\n                  <h4 class=\"u-align-center u-text u-text-1\"> Cours: 40 minutes maximum.<\/h4>\n                  <p class=\"u-align-left u-text u-text-body-color u-text-2\">La noyade est devenue un v\u00e9ritable fl\u00e9au chez les enfants, surtout pendant les p\u00e9riodes estivales.&nbsp;<br><i>Sant\u00e9 publique&nbsp;<\/i>a publi\u00e9 une \u00e9tude en 2018 prouvant que la noyade, en France, avait augment\u00e9 de 30% par rapport \u00e0 2015.&nbsp;<b>Pire, ces accidents ont augment\u00e9 de 96% chez les moins de 6 ans et de 132% pour les seules piscines familiales&nbsp;!<\/b>&nbsp;<br>Dans les bassins priv\u00e9s, pr\u00e8s de 3 accidents sur 4 concernent les jeunes enfants.&nbsp; &nbsp;&nbsp;<br>Ces noyades sont \u00e9vitables&nbsp;! Les enfants doivent apprendre \u00e0 nager le plus t\u00f4t possible ou au moins \u00eatre mis en contact avec l\u2019eau rapidement pour se familiariser avec l\u2019\u00e9l\u00e9ment et augmenter leur chance d\u2019\u00e9viter un terrible malheur. &nbsp; Attention aux \"mon enfant sait nager\", \"il\/elle va \u00e0 la piscine avec l\u2019\u00e9cole\".&nbsp;<br>Bon nombre de trag\u00e9dies partent de ce postulat<i>\u2026<\/i>&nbsp; &nbsp;&nbsp;<br>Suivant l\u2019\u00e2ge de vos enfants, j\u2019adapte des exercices et des mises en situation afin qu\u2019ils puissent se d\u00e9brouiller et avoir un minimum d\u2019autonomie.<br>Cependant, cela ne pr\u00e9munit pas les risques&nbsp;:&nbsp;<b>un&nbsp;<\/b><b>enfant doit toujours \u00eatre surveill\u00e9<\/b>&nbsp;.&nbsp;<br>Le mieux est \u00e9videmment de se baigner avec l\u2019enfant.&nbsp;<br>\n                    <br>A partir de 5 ans, des cours de natation (mettre un lien) sont pr\u00e9conis\u00e9s afin de d\u00e9velopper l\u2019autogestion des enfants en milieu aquatique. A cet \u00e2ge, ils assimilent plus facilement les consignes.&nbsp; &nbsp;<a href=\"https:\/\/www.isa-nage.com\/Apprendre.html\" data-page-id=\"763620165\" class=\"u-active-none u-border-none u-btn u-button-link u-button-style u-hover-none u-none u-text-palette-2-base u-btn-1\">Section Apprentissage Isa-nage.com<\/a>&nbsp;Et m\u00eame si vous avez un \u00e2ge plus avanc\u00e9, il n\u2019est jamais trop tard pour apprendre&nbsp;! Les enfants ne sont pas les seuls impliqu\u00e9s.&nbsp;&nbsp;\n                  <\/p>\n                <\/div>\n              <\/div>\n              <div class=\"u-align-right u-container-align-right u-container-style u-layout-cell u-size-30 u-layout-cell-2\">\n                <div class=\"u-container-layout u-valign-top-lg u-valign-top-sm u-valign-top-xl u-valign-top-xs u-container-layout-2\">\n                  <img decoding=\"async\" class=\"u-expanded-width u-image u-image-1\" src=\"https:\/\/isa-nage.com\/wp-content\/uploads\/2026\/04\/Romane1.jpg\">\n                <\/div>\n              <\/div>\n            <\/div>\n          <\/div>\n        <\/div>\n      <\/div>\n    <\/section>\n    \n    \n    \n    \n  \n<\/div>","protected":false},"excerpt":{"rendered":"<p>D\u00e9couverte : Eveil \u00e0 l&rsquo;eau Cours: 40 minutes maximum. La noyade est devenue un v\u00e9ritable fl\u00e9au chez les enfants, surtout pendant les p\u00e9riodes estivales.&nbsp;Sant\u00e9 publique&nbsp;a publi\u00e9 une \u00e9tude en 2018 prouvant que la noyade, en France, avait augment\u00e9 de 30% par rapport \u00e0 2015.&nbsp;Pire, ces accidents ont augment\u00e9 de 96% chez les moins de 6 [&hellip;]<\/p>\n","protected":false},"author":1,"featured_media":0,"parent":0,"menu_order":7,"comment_status":"closed","ping_status":"closed","template":"","meta":{"footnotes":""},"class_list":["post-2986","page","type-page","status-publish","hentry"],"_links":{"self":[{"href":"https:\/\/isa-nage.com\/index.php\/wp-json\/wp\/v2\/pages\/2986","targetHints":{"allow":["GET"]}}],"collection":[{"href":"https:\/\/isa-nage.com\/index.php\/wp-json\/wp\/v2\/pages"}],"about":[{"href":"https:\/\/isa-nage.com\/index.php\/wp-json\/wp\/v2\/types\/page"}],"author":[{"embeddable":true,"href":"https:\/\/isa-nage.com\/index.php\/wp-json\/wp\/v2\/users\/1"}],"replies":[{"embeddable":true,"href":"https:\/\/isa-nage.com\/index.php\/wp-json\/wp\/v2\/comments?post=2986"}],"version-history":[{"count":1,"href":"https:\/\/isa-nage.com\/index.php\/wp-json\/wp\/v2\/pages\/2986\/revisions"}],"predecessor-version":[{"id":3005,"href":"https:\/\/isa-nage.com\/index.php\/wp-json\/wp\/v2\/pages\/2986\/revisions\/3005"}],"wp:attachment":[{"href":"https:\/\/isa-nage.com\/index.php\/wp-json\/wp\/v2\/media?parent=2986"}],"curies":[{"name":"wp","href":"https:\/\/api.w.org\/{rel}","templated":true}]}}