{"id":2985,"date":"2026-04-07T11:13:36","date_gmt":"2026-04-07T09:13:36","guid":{"rendered":"https:\/\/isa-nage.com\/index.php\/aquaphobie\/"},"modified":"2026-04-07T11:13:45","modified_gmt":"2026-04-07T09:13:45","slug":"aquaphobie","status":"publish","type":"page","link":"https:\/\/isa-nage.com\/index.php\/aquaphobie\/","title":{"rendered":"Aquaphobie"},"content":{"rendered":"<div class=\"\" style=\"\" >\n  \n    <section class=\"u-clearfix u-container-align-center u-palette-1-light-2 u-section-1\" id=\"sec-a827\">\n      <div class=\"u-clearfix u-sheet u-valign-middle u-sheet-1\">\n        <h4 class=\"u-align-center u-text u-text-1\"> Aquaphobie<\/h4>\n      <\/div>\n    <\/section>\n    <section class=\"u-clearfix u-palette-1-light-2 u-valign-middle-lg u-valign-middle-md u-valign-middle-xl u-valign-middle-xs u-section-2\" id=\"sec-3175\">\n      <h4 class=\"u-align-center u-text u-text-1\"> Cours: 40 minutes maximum.<br>\n      <\/h4>\n      <div class=\"data-layout-selected u-clearfix u-gutter-0 u-layout-wrap u-layout-wrap-1\">\n        <div class=\"u-gutter-0 u-layout\">\n          <div class=\"u-layout-row\">\n            <div class=\"u-size-30\" style=\"min-height: 0px;\">\n              <div class=\"u-layout-col\">\n                <div class=\"u-container-style u-layout-cell u-shape-rectangle u-size-30 u-layout-cell-1\">\n                  <div class=\"u-container-layout u-valign-middle-xl u-valign-top-lg u-valign-top-md u-valign-top-sm u-valign-top-xs u-container-layout-1\">\n                    <p class=\"u-align-left u-text u-text-body-color u-text-2\"> Etre \u00e0 l'aise dans l'eau est aujourd'hui au moins aussi important que de savoir conduire sinon plus...<br>Nous sommes en permanence confront\u00e9s \u00e0 l'eau: piscines municipales, d'h\u00f4tel et priv\u00e9e, etangs, lacs, mers, Oc\u00e9ans...<br>Prendre ne serait-ce qu'une douche peut se r\u00e9veler mission impossible pour certains.<br>Je vous accompagne afin de dompter votre apr\u00e9hension et \u00e0 vous amener \u00e0 aimer l'Eau.<br>Vous saurez ainsi profiter des bienfaits de cette nouvelle aisance en partageant avec vos proches des moments de loisirs et de bonheurs.&nbsp; &nbsp;&nbsp;\n                    <\/p>\n                  <\/div>\n                <\/div>\n                <div class=\"u-align-right u-container-align-right u-container-align-right-lg u-container-align-right-md u-container-align-right-xl u-container-style u-layout-cell u-shape-rectangle u-size-30 u-layout-cell-2\">\n                  <div class=\"u-container-layout u-valign-top-lg u-valign-top-md u-valign-top-xs u-container-layout-2\">\n                    <img decoding=\"async\" class=\"u-expanded-width u-image u-image-1\" src=\"https:\/\/isa-nage.com\/wp-content\/uploads\/2026\/04\/P8112867.jpg\" data-image-width=\"2560\" data-image-height=\"1920\">\n                  <\/div>\n                <\/div>\n              <\/div>\n            <\/div>\n            <div class=\"u-size-30\" style=\"min-height: 0px;\">\n              <div class=\"u-layout-col\">\n                <div class=\"u-align-left u-container-align-left u-container-align-left-lg u-container-align-left-md u-container-align-left-xl u-container-style u-layout-cell u-palette-1-light-2 u-size-60 u-layout-cell-3\">\n                  <div class=\"u-container-layout u-valign-top-lg u-valign-top-md u-valign-top-xl u-container-layout-3\">\n                    <img decoding=\"async\" class=\"custom-expanded u-expanded-width-md u-image u-image-2\" src=\"https:\/\/isa-nage.com\/wp-content\/uploads\/2026\/04\/phobie1.jpg\" data-image-width=\"1102\" data-image-height=\"1847\">\n                  <\/div>\n                <\/div>\n              <\/div>\n            <\/div>\n          <\/div>\n        <\/div>\n      <\/div>\n    <\/section>\n    \n    \n    \n    \n  \n<\/div>","protected":false},"excerpt":{"rendered":"<p>Aquaphobie Cours: 40 minutes maximum. Etre \u00e0 l&rsquo;aise dans l&rsquo;eau est aujourd&rsquo;hui au moins aussi important que de savoir conduire sinon plus&#8230;Nous sommes en permanence confront\u00e9s \u00e0 l&rsquo;eau: piscines municipales, d&rsquo;h\u00f4tel et priv\u00e9e, etangs, lacs, mers, Oc\u00e9ans&#8230;Prendre ne serait-ce qu&rsquo;une douche peut se r\u00e9veler mission impossible pour certains.Je vous accompagne afin de dompter votre apr\u00e9hension [&hellip;]<\/p>\n","protected":false},"author":1,"featured_media":0,"parent":0,"menu_order":6,"comment_status":"closed","ping_status":"closed","template":"","meta":{"footnotes":""},"class_list":["post-2985","page","type-page","status-publish","hentry"],"_links":{"self":[{"href":"https:\/\/isa-nage.com\/index.php\/wp-json\/wp\/v2\/pages\/2985","targetHints":{"allow":["GET"]}}],"collection":[{"href":"https:\/\/isa-nage.com\/index.php\/wp-json\/wp\/v2\/pages"}],"about":[{"href":"https:\/\/isa-nage.com\/index.php\/wp-json\/wp\/v2\/types\/page"}],"author":[{"embeddable":true,"href":"https:\/\/isa-nage.com\/index.php\/wp-json\/wp\/v2\/users\/1"}],"replies":[{"embeddable":true,"href":"https:\/\/isa-nage.com\/index.php\/wp-json\/wp\/v2\/comments?post=2985"}],"version-history":[{"count":1,"href":"https:\/\/isa-nage.com\/index.php\/wp-json\/wp\/v2\/pages\/2985\/revisions"}],"predecessor-version":[{"id":3004,"href":"https:\/\/isa-nage.com\/index.php\/wp-json\/wp\/v2\/pages\/2985\/revisions\/3004"}],"wp:attachment":[{"href":"https:\/\/isa-nage.com\/index.php\/wp-json\/wp\/v2\/media?parent=2985"}],"curies":[{"name":"wp","href":"https:\/\/api.w.org\/{rel}","templated":true}]}}