{"id":2983,"date":"2026-04-07T11:13:34","date_gmt":"2026-04-07T09:13:34","guid":{"rendered":"https:\/\/isa-nage.com\/index.php\/accueil\/"},"modified":"2026-04-07T11:13:45","modified_gmt":"2026-04-07T09:13:45","slug":"accueil","status":"publish","type":"page","link":"https:\/\/isa-nage.com\/","title":{"rendered":"Accueil"},"content":{"rendered":"<div class=\"\" style=\"\" >\n  \n    <section class=\"u-align-center u-clearfix u-container-align-center u-palette-1-light-2 u-section-1\" id=\"block-1\">\n      <div class=\"u-clearfix u-sheet u-sheet-1\">\n        <img decoding=\"async\" class=\"u-expanded-width u-image u-image-1\" src=\"https:\/\/isa-nage.com\/wp-content\/uploads\/2026\/04\/1984-07BlagnacIsaBrassepetite1.jpg\" data-image-width=\"739\" data-image-height=\"472\">\n        <p class=\"u-align-center u-large-text u-text u-text-variant u-text-white u-text-1\"> Apprendre \u00e0 nager quelque soit votre \u00e2ge, vous perfectionner, pratiquer une activit\u00e9 dynamique pour votre sant\u00e9 et votre plaisir, vaincre une vieille phobie de l\u2019eau\u2026<br>Avec plus de 40 ans d\u2019exp\u00e9rience dans le monde de la natation et de l\u2019\u00e9ducation aquatique.<b>&nbsp;<\/b>\n          <br>&nbsp;<br>Contactez-moi pour prendre rendez-vous.&nbsp;&nbsp;<br>Mobile : 06 62 29 74 48\n        <\/p>\n        <h2 class=\"u-align-center u-text u-text-white u-text-2\"><span class=\"u-icon u-icon-1\"><svg class=\"u-svg-content\" viewBox=\"0 0 58 58\" x=\"0px\" y=\"0px\" style=\"width: 1em; height: 1em;\"><circle style=\"fill:#7383BF;stroke:currentColor;stroke-width:2;stroke-linecap:round;stroke-miterlimit:10;\" cx=\"29\" cy=\"29\" r=\"28\"><\/circle><line style=\"fill:none;stroke:currentColor;stroke-width:2;stroke-linecap:round;stroke-miterlimit:10;\" x1=\"29\" y1=\"57\" x2=\"29\" y2=\"1\"><\/line><path style=\"fill:none;stroke:currentColor;stroke-width:2;stroke-linecap:round;stroke-miterlimit:10;\" d=\"M29,1\n\tc-0.214,0-0.426,0.011-0.639,0.016C20.213,7.616,15,17.697,15,29s5.213,21.384,13.361,27.984C28.574,56.989,28.786,57,29,57\"><\/path><path style=\"fill:none;stroke:currentColor;stroke-width:2;stroke-linecap:round;stroke-miterlimit:10;\" d=\"M8.698,9.728\n\tC14.478,13.683,21.468,16,29,16s14.522-2.317,20.302-6.272\"><\/path><path style=\"fill:none;stroke:currentColor;stroke-width:2;stroke-linecap:round;stroke-miterlimit:10;\" d=\"M49.862,47.67\n\tC43.975,43.475,36.779,41,29,41s-14.975,2.475-20.862,6.67\"><\/path><path style=\"fill:none;stroke:currentColor;stroke-width:2;stroke-linecap:round;stroke-miterlimit:10;\" d=\"M29,57\n\tc0.214,0,0.426-0.011,0.639-0.016C37.787,50.384,43,40.303,43,29S37.787,7.616,29.639,1.016C29.426,1.011,29.214,1,29,1\"><\/path><line style=\"fill:none;stroke:currentColor;stroke-width:2;stroke-linecap:round;stroke-miterlimit:10;\" x1=\"1\" y1=\"29\" x2=\"57\" y2=\"29\"><\/line><\/svg><\/span>&nbsp;www.isa\u200b-nage.com \n        <\/h2>\n        <p class=\"u-align-center u-large-text u-text u-text-variant u-text-white u-text-3\">E<span style=\"font-weight: 600;\"><span style=\"font-weight: 600;\"><\/span><\/span>n Piscine Priv\u00e9e - A Riscle 32400&nbsp;&nbsp;\n        <\/p>\n      <\/div>\n    <\/section>\n    \n    \n    \n    \n  \n<\/div>","protected":false},"excerpt":{"rendered":"<p>Apprendre \u00e0 nager quelque soit votre \u00e2ge, vous perfectionner, pratiquer une activit\u00e9 dynamique pour votre sant\u00e9 et votre plaisir, vaincre une vieille phobie de l\u2019eau\u2026Avec plus de 40 ans d\u2019exp\u00e9rience dans le monde de la natation et de l\u2019\u00e9ducation aquatique.&nbsp; &nbsp;Contactez-moi pour prendre rendez-vous.&nbsp;&nbsp;Mobile : 06 62 29 74 48 &nbsp;www.isa\u200b-nage.com En Piscine Priv\u00e9e &#8211; [&hellip;]<\/p>\n","protected":false},"author":1,"featured_media":0,"parent":0,"menu_order":4,"comment_status":"closed","ping_status":"closed","template":"","meta":{"footnotes":""},"class_list":["post-2983","page","type-page","status-publish","hentry"],"_links":{"self":[{"href":"https:\/\/isa-nage.com\/index.php\/wp-json\/wp\/v2\/pages\/2983","targetHints":{"allow":["GET"]}}],"collection":[{"href":"https:\/\/isa-nage.com\/index.php\/wp-json\/wp\/v2\/pages"}],"about":[{"href":"https:\/\/isa-nage.com\/index.php\/wp-json\/wp\/v2\/types\/page"}],"author":[{"embeddable":true,"href":"https:\/\/isa-nage.com\/index.php\/wp-json\/wp\/v2\/users\/1"}],"replies":[{"embeddable":true,"href":"https:\/\/isa-nage.com\/index.php\/wp-json\/wp\/v2\/comments?post=2983"}],"version-history":[{"count":1,"href":"https:\/\/isa-nage.com\/index.php\/wp-json\/wp\/v2\/pages\/2983\/revisions"}],"predecessor-version":[{"id":3002,"href":"https:\/\/isa-nage.com\/index.php\/wp-json\/wp\/v2\/pages\/2983\/revisions\/3002"}],"wp:attachment":[{"href":"https:\/\/isa-nage.com\/index.php\/wp-json\/wp\/v2\/media?parent=2983"}],"curies":[{"name":"wp","href":"https:\/\/api.w.org\/{rel}","templated":true}]}}